{"id":3,"date":"2024-05-09T09:25:47","date_gmt":"2024-05-09T09:25:47","guid":{"rendered":"https:\/\/cyrcomunicacion.com\/?page_id=3"},"modified":"2024-05-15T08:17:08","modified_gmt":"2024-05-15T08:17:08","slug":"privacy-policy","status":"publish","type":"page","link":"https:\/\/cyrcomunicacion.com\/?page_id=3","title":{"rendered":"Pol\u00edtica Privacidad"},"content":{"rendered":"\n<p>Informaci\u00f3n General<\/p>\n\n\n\n<p>Este sitio web est\u00e1 operado por CyR Comunicaci\u00f3n y Servicios S.L, con domicilio social en Calle Juana I de Castilla 12-2\u00baD, 28027, Madrid, con NIF B80258403. En adelante, la empresa se referir\u00e1 como \u00abCyR Comunicaci\u00f3 y Servicios\u00bb u otra variante comercial.<\/p>\n\n\n\n<p>Objeto y Aceptaci\u00f3n<\/p>\n\n\n\n<p>El presente Aviso Legal establece los t\u00e9rminos y condiciones que rigen el uso del sitio web \u00abXXXXX.com\u00bb (en adelante, \u00abel sitio web\u00bb) y regula la relaci\u00f3n entre los usuarios y \u00abCyR Comunicaci\u00f3n y Servicios\u00bb. El acceso y uso del sitio web atribuyen la condici\u00f3n de usuario e implica la aceptaci\u00f3n plena y sin reservas de todas las disposiciones incluidas en este Aviso Legal. Si no est\u00e1 de acuerdo con las condiciones aqu\u00ed establecidas, le recomendamos que no utilice el sitio web.<\/p>\n\n\n\n<p>Propiedad Intelectual e Industrial.<\/p>\n\n\n\n<p>Los contenidos, dise\u00f1o, logotipos, im\u00e1genes, textos, gr\u00e1ficos y c\u00f3digo fuente del sitio web est\u00e1n protegidos por derechos de propiedad intelectual e industrial, que son propiedad de \u00abCyR Comunicaci\u00f3n y Servicios\u00bb o de terceros. Queda prohibida la reproducci\u00f3n, distribuci\u00f3n, comunicaci\u00f3n p\u00fablica y cualquier otro acto de explotaci\u00f3n total o parcial del sitio web o de sus contenidos sin la autorizaci\u00f3n expresa de \u00abCyR Comunicaci\u00f3n y Servicios\u00bb.<\/p>\n\n\n\n<p>Responsabilidad del Usuario<\/p>\n\n\n\n<p>El usuario se compromete a utilizar el sitio web de conformidad con la ley, la moral, el orden p\u00fablico y las presentes condiciones de uso. El usuario deber\u00e1 abstenerse de utilizar el sitio web con fines il\u00edcitos, lesivos de derechos e intereses de terceros, o que de cualquier forma puedan da\u00f1ar, inutilizar, sobrecargar o deteriorar el sitio web o impedir la normal utilizaci\u00f3n o disfrute del mismo.<\/p>\n\n\n\n<p>Exenci\u00f3n de Responsabilidad<\/p>\n\n\n\n<p>\u00abCyR Comunicaci\u00f3n y Servicios\u00bb no se hace responsable de los da\u00f1os o perjuicios que pudieran derivarse del acceso o uso del sitio web, incluyendo los que puedan causarse a sistemas inform\u00e1ticos o la introducci\u00f3n de virus. \u00abCyR Comunicaci\u00f3n y Servicios\u00bb no garantiza la disponibilidad y continuidad del sitio web ni se hace responsable de los errores u omisiones en los contenidos.<\/p>\n\n\n\n<p>Enlaces a Terceros<\/p>\n\n\n\n<p>El sitio web puede incluir enlaces a sitios web de terceros. \u00abCyR Comunicaci\u00f3n y Servicios S.L.\u00bb no controla ni asume responsabilidad alguna sobre los contenidos, pol\u00edticas de privacidad o pr\u00e1cticas de sitios web de terceros. La inclusi\u00f3n de estos enlaces no implica ning\u00fan tipo de asociaci\u00f3n, aprobaci\u00f3n o respaldo por parte de \u00abCyR Comunicaci\u00f3n y Servicios\u00bb.<\/p>\n\n\n\n<p>Pol\u00edtica de Privacidad<\/p>\n\n\n\n<p>Para obtener informaci\u00f3n sobre c\u00f3mo \u00abCyR Comunicaci\u00f3n y Servicios\u00bb recopila, utiliza y protege tus datos personales, consulta nuestra Pol\u00edtica de Privacidad.<\/p>\n\n\n\n<p>Legislaci\u00f3n y Jurisdicci\u00f3n Aplicable<\/p>\n\n\n\n<p>Este Aviso Legal se rige por la legislaci\u00f3n espa\u00f1ola. Para cualquier controversia que pueda surgir relacionada con el sitio web o la interpretaci\u00f3n y aplicaci\u00f3n de este Aviso Legal, las partes se someten a la jurisdicci\u00f3n de los tribunales de Madrid, con renuncia expresa a cualquier otro fuero que pudiera corresponderles.<\/p>\n\n\n\n<p>Contacto<\/p>\n\n\n\n<p>Si tienes alguna pregunta o comentario sobre este Aviso Legal, por favor cont\u00e1ctanos a trav\u00e9s de los datos de contacto proporcionados en el sitio web.<\/p>\n","protected":false},"excerpt":{"rendered":"<p>Informaci\u00f3n General Este sitio web est\u00e1 operado por CyR Comunicaci\u00f3n y Servicios S.L, con domicilio social en Calle Juana I de Castilla 12-2\u00baD, 28027, Madrid, con NIF B80258403. En adelante, la empresa se referir\u00e1 como \u00abCyR Comunicaci\u00f3 y Servicios\u00bb u otra variante comercial. Objeto y Aceptaci\u00f3n El presente Aviso Legal establece los t\u00e9rminos y condiciones [&hellip;]<\/p>\n","protected":false},"author":1,"featured_media":0,"parent":0,"menu_order":0,"comment_status":"closed","ping_status":"open","template":"","meta":{"footnotes":""},"class_list":["post-3","page","type-page","status-publish","hentry"],"_links":{"self":[{"href":"https:\/\/cyrcomunicacion.com\/index.php?rest_route=\/wp\/v2\/pages\/3","targetHints":{"allow":["GET"]}}],"collection":[{"href":"https:\/\/cyrcomunicacion.com\/index.php?rest_route=\/wp\/v2\/pages"}],"about":[{"href":"https:\/\/cyrcomunicacion.com\/index.php?rest_route=\/wp\/v2\/types\/page"}],"author":[{"embeddable":true,"href":"https:\/\/cyrcomunicacion.com\/index.php?rest_route=\/wp\/v2\/users\/1"}],"replies":[{"embeddable":true,"href":"https:\/\/cyrcomunicacion.com\/index.php?rest_route=%2Fwp%2Fv2%2Fcomments&post=3"}],"version-history":[{"count":1,"href":"https:\/\/cyrcomunicacion.com\/index.php?rest_route=\/wp\/v2\/pages\/3\/revisions"}],"predecessor-version":[{"id":46,"href":"https:\/\/cyrcomunicacion.com\/index.php?rest_route=\/wp\/v2\/pages\/3\/revisions\/46"}],"wp:attachment":[{"href":"https:\/\/cyrcomunicacion.com\/index.php?rest_route=%2Fwp%2Fv2%2Fmedia&parent=3"}],"curies":[{"name":"wp","href":"https:\/\/api.w.org\/{rel}","templated":true}]}}